{"id":702,"date":"2020-12-17T18:52:39","date_gmt":"2020-12-17T17:52:39","guid":{"rendered":"http:\/\/wordpress-scbtest.sc-bakum.de\/?page_id=702"},"modified":"2025-08-19T18:43:57","modified_gmt":"2025-08-19T16:43:57","slug":"d-junioren-iv","status":"publish","type":"page","link":"https:\/\/www.sc-bakum.de\/?page_id=702","title":{"rendered":"D-Junioren IV"},"content":{"rendered":"\n<h2 class=\"wp-block-heading\">Trainer \/ Betreuer<\/h2>\n\n\n\n<p><\/p>\n\n\n\n<h2 class=\"wp-block-heading\">Trainingszeiten<\/h2>\n\n\n\n<p>in L\u00fcsche<\/p>\n\n\n\n<h2 class=\"wp-block-heading\">Tabelle &amp; Spielplan<\/h2>\n\n\n\n<p>Informationen \u00fcber aktuelle Ergebnisse und Tabellenst\u00e4nde finden Sie hier.<\/p>\n","protected":false},"excerpt":{"rendered":"<p>Trainer \/ Betreuer Trainingszeiten in L\u00fcsche Tabelle &amp; Spielplan Informationen \u00fcber aktuelle Ergebnisse und Tabellenst\u00e4nde finden Sie hier.<\/p>\n","protected":false},"author":2,"featured_media":0,"parent":52,"menu_order":0,"comment_status":"closed","ping_status":"closed","template":"","meta":{"footnotes":""},"class_list":["post-702","page","type-page","status-publish","hentry","archive-view"],"_links":{"self":[{"href":"https:\/\/www.sc-bakum.de\/index.php?rest_route=\/wp\/v2\/pages\/702","targetHints":{"allow":["GET"]}}],"collection":[{"href":"https:\/\/www.sc-bakum.de\/index.php?rest_route=\/wp\/v2\/pages"}],"about":[{"href":"https:\/\/www.sc-bakum.de\/index.php?rest_route=\/wp\/v2\/types\/page"}],"author":[{"embeddable":true,"href":"https:\/\/www.sc-bakum.de\/index.php?rest_route=\/wp\/v2\/users\/2"}],"replies":[{"embeddable":true,"href":"https:\/\/www.sc-bakum.de\/index.php?rest_route=%2Fwp%2Fv2%2Fcomments&post=702"}],"version-history":[{"count":11,"href":"https:\/\/www.sc-bakum.de\/index.php?rest_route=\/wp\/v2\/pages\/702\/revisions"}],"predecessor-version":[{"id":2673,"href":"https:\/\/www.sc-bakum.de\/index.php?rest_route=\/wp\/v2\/pages\/702\/revisions\/2673"}],"up":[{"embeddable":true,"href":"https:\/\/www.sc-bakum.de\/index.php?rest_route=\/wp\/v2\/pages\/52"}],"wp:attachment":[{"href":"https:\/\/www.sc-bakum.de\/index.php?rest_route=%2Fwp%2Fv2%2Fmedia&parent=702"}],"curies":[{"name":"wp","href":"https:\/\/api.w.org\/{rel}","templated":true}]}}