{"id":40,"date":"2019-10-31T17:27:49","date_gmt":"2019-10-31T16:27:49","guid":{"rendered":"http:\/\/localhost:8000\/sc-bakum.de\/?page_id=40"},"modified":"2025-07-10T19:32:51","modified_gmt":"2025-07-10T17:32:51","slug":"mitgliedschaft","status":"publish","type":"page","link":"https:\/\/www.sc-bakum.de\/?page_id=40","title":{"rendered":"Mitgliedschaft"},"content":{"rendered":"\n<p>Wenn Sie bei uns Mitglied werden oder ein Kind anmelden m\u00f6chten, stellen wir Ihnen hier alle wesentlichen Informationen zu Verf\u00fcgung. Bitte haben Sie Verst\u00e4ndnis daf\u00fcr, dass Anmeldungen oder Abmeldungen nicht per Internet oder E-Mail m\u00f6glich sind. Wir ben\u00f6tigen eine Unterschrift. Unterschriebene Antr\u00e4ge k\u00f6nnen bei allen Vorstandsmitgliedern abgegeben werden.<\/p>\n\n\n\n<h4 class=\"wp-block-heading\">Unterlagen zum Download<\/h4>\n\n\n\n<div class=\"wp-block-file\"><a id=\"wp-block-file--media-cdd829ff-cc3a-4a16-90af-f34875b1caa3\" href=\"https:\/\/www.sc-bakum.de\/wp-content\/uploads\/2025\/07\/Mitgliedsantrag_2025-07-10.pdf\" target=\"_blank\" rel=\"noreferrer noopener\">Mitgliedsantrag<\/a><\/div>\n\n\n\n<div class=\"wp-block-file\"><a id=\"wp-block-file--media-be1b7e18-dd02-42f7-bd84-957deac2f148\" href=\"https:\/\/www.sc-bakum.de\/wp-content\/uploads\/2024\/03\/Satzung-SCB-2023-unterzeichnet.pdf\">Vereinssatzung<\/a><\/div>\n\n\n\n<figure class=\"wp-block-table is-style-stripes\"><table><thead><tr><th>Mitgliedsbeitr\u00e4ge<\/th><th class=\"has-text-align-right\" data-align=\"right\">pro Jahr<\/th><\/tr><\/thead><tbody><tr><td>Passive Mitglieder<\/td><td class=\"has-text-align-right\" data-align=\"right\">30 \u20ac<\/td><\/tr><tr><td>Aktive Mitglieder \u00fcber 18 Jahre<\/td><td class=\"has-text-align-right\" data-align=\"right\">75 \u20ac<\/td><\/tr><tr><td>zus\u00e4tzlicher Beitrag f\u00fcr jedes aktive Kind unter 18 Jahre, wobei ein Elternteil aktives oder passives Mitglied sein muss<\/td><td class=\"has-text-align-right\" data-align=\"right\">35 \u20ac<\/td><\/tr><tr><td>Familienbeitrag<\/td><td class=\"has-text-align-right\" data-align=\"right\">160 \u20ac<\/td><\/tr><tr><td><\/td><td class=\"has-text-align-right\" data-align=\"right\"><\/td><\/tr><tr><td>zzgl. Sportst\u00e4ttenbeitrag f\u00fcr Fu\u00dfballer<\/td><td class=\"has-text-align-right\" data-align=\"right\"><\/td><\/tr><tr><td>Mitglieder \u00fcber 18 Jahre<\/td><td class=\"has-text-align-right\" data-align=\"right\">20 \u20ac<\/td><\/tr><tr><td>Mitglieder unter 18 Jahre<\/td><td class=\"has-text-align-right\" data-align=\"right\">10 \u20ac<\/td><\/tr><\/tbody><\/table><\/figure>\n\n\n\n<p>Alle Beitr\u00e4ge sind Jahresbeitr\u00e4ge und werden grunds\u00e4tzlich per Lastschrift eingezogen.<br>Sollte ein Lastschrifteinzug nicht m\u00f6glich sein, sprechen Sie bitte unseren Gesch\u00e4ftsf\u00fchrer an.<\/p>\n\n\n\n<p><\/p>\n","protected":false},"excerpt":{"rendered":"<p>Wenn Sie bei uns Mitglied werden oder ein Kind anmelden m\u00f6chten, stellen wir Ihnen hier alle wesentlichen Informationen zu Verf\u00fcgung. Bitte haben Sie Verst\u00e4ndnis daf\u00fcr, dass Anmeldungen oder Abmeldungen nicht per Internet oder E-Mail m\u00f6glich sind. Wir ben\u00f6tigen eine Unterschrift. Unterschriebene Antr\u00e4ge k\u00f6nnen bei allen Vorstandsmitgliedern abgegeben werden. Unterlagen zum Download Mitgliedsbeitr\u00e4ge pro Jahr Passive &hellip; <a href=\"https:\/\/www.sc-bakum.de\/?page_id=40\" class=\"more-link\">weiterlesen<span class=\"screen-reader-text\"> &#8222;Mitgliedschaft&#8220;<\/span><\/a><\/p>\n","protected":false},"author":1,"featured_media":0,"parent":9,"menu_order":0,"comment_status":"closed","ping_status":"closed","template":"","meta":{"footnotes":""},"class_list":["post-40","page","type-page","status-publish","hentry","archive-view"],"_links":{"self":[{"href":"https:\/\/www.sc-bakum.de\/index.php?rest_route=\/wp\/v2\/pages\/40","targetHints":{"allow":["GET"]}}],"collection":[{"href":"https:\/\/www.sc-bakum.de\/index.php?rest_route=\/wp\/v2\/pages"}],"about":[{"href":"https:\/\/www.sc-bakum.de\/index.php?rest_route=\/wp\/v2\/types\/page"}],"author":[{"embeddable":true,"href":"https:\/\/www.sc-bakum.de\/index.php?rest_route=\/wp\/v2\/users\/1"}],"replies":[{"embeddable":true,"href":"https:\/\/www.sc-bakum.de\/index.php?rest_route=%2Fwp%2Fv2%2Fcomments&post=40"}],"version-history":[{"count":13,"href":"https:\/\/www.sc-bakum.de\/index.php?rest_route=\/wp\/v2\/pages\/40\/revisions"}],"predecessor-version":[{"id":2633,"href":"https:\/\/www.sc-bakum.de\/index.php?rest_route=\/wp\/v2\/pages\/40\/revisions\/2633"}],"up":[{"embeddable":true,"href":"https:\/\/www.sc-bakum.de\/index.php?rest_route=\/wp\/v2\/pages\/9"}],"wp:attachment":[{"href":"https:\/\/www.sc-bakum.de\/index.php?rest_route=%2Fwp%2Fv2%2Fmedia&parent=40"}],"curies":[{"name":"wp","href":"https:\/\/api.w.org\/{rel}","templated":true}]}}