{"id":38,"date":"2019-10-31T16:57:51","date_gmt":"2019-10-31T15:57:51","guid":{"rendered":"http:\/\/localhost:8000\/sc-bakum.de\/?page_id=38"},"modified":"2020-12-17T19:26:40","modified_gmt":"2020-12-17T18:26:40","slug":"vereinsanlage","status":"publish","type":"page","link":"https:\/\/www.sc-bakum.de\/?page_id=38","title":{"rendered":"Vereinsanlage"},"content":{"rendered":"\n<p>\nDie Sportanlage besteht aus:<\/p>\n\n\n\n<p>&#8211; Platz A (zur Harmer Str., vor dem Vereinsheim)<br>&#8211; Platz B (mit Flutlicht, rechts vom Vereinsheim)<br>&#8211; Platz C (Trainingsplatz, mit Flutlicht, links hinter dem &#8222;Bolzplatz&#8220;).<br>&#8211; &#8222;Bolzplatz&#8220; (hinter dem Vereinsheim)<\/p>\n\n\n\n<p>\nDas  Vereinsheim bietet neben Gemeinschafts-, Turn- und Tagungsr\u00e4umen \nsechs  Umkleidekabinen (Kabinen 5 und 6 vornehmlich f\u00fcr M\u00e4dchen\/Damen). \n\n<\/p>\n\n\n\n<figure class=\"wp-block-image size-large\"><img loading=\"lazy\" decoding=\"async\" width=\"1024\" height=\"689\" src=\"https:\/\/www.sc-bakum.de\/wp-content\/uploads\/2020\/12\/Luftbild-Vereinsgelaende-OM-Cup-2012-1024x689.jpg\" alt=\"\" class=\"wp-image-720\" srcset=\"https:\/\/www.sc-bakum.de\/wp-content\/uploads\/2020\/12\/Luftbild-Vereinsgelaende-OM-Cup-2012-1024x689.jpg 1024w, https:\/\/www.sc-bakum.de\/wp-content\/uploads\/2020\/12\/Luftbild-Vereinsgelaende-OM-Cup-2012-300x202.jpg 300w, https:\/\/www.sc-bakum.de\/wp-content\/uploads\/2020\/12\/Luftbild-Vereinsgelaende-OM-Cup-2012-768x517.jpg 768w, https:\/\/www.sc-bakum.de\/wp-content\/uploads\/2020\/12\/Luftbild-Vereinsgelaende-OM-Cup-2012-1536x1034.jpg 1536w, https:\/\/www.sc-bakum.de\/wp-content\/uploads\/2020\/12\/Luftbild-Vereinsgelaende-OM-Cup-2012-1152x775.jpg 1152w, https:\/\/www.sc-bakum.de\/wp-content\/uploads\/2020\/12\/Luftbild-Vereinsgelaende-OM-Cup-2012-640x431.jpg 640w, https:\/\/www.sc-bakum.de\/wp-content\/uploads\/2020\/12\/Luftbild-Vereinsgelaende-OM-Cup-2012.jpg 1633w\" sizes=\"auto, (max-width: 768px) calc(100vw - 32px), (max-width: 1152px) calc(75vw - 32px), 832px\" \/><\/figure>\n\n\n\n<p><\/p>\n","protected":false},"excerpt":{"rendered":"<p>Die Sportanlage besteht aus: &#8211; Platz A (zur Harmer Str., vor dem Vereinsheim)&#8211; Platz B (mit Flutlicht, rechts vom Vereinsheim)&#8211; Platz C (Trainingsplatz, mit Flutlicht, links hinter dem &#8222;Bolzplatz&#8220;).&#8211; &#8222;Bolzplatz&#8220; (hinter dem Vereinsheim) Das Vereinsheim bietet neben Gemeinschafts-, Turn- und Tagungsr\u00e4umen sechs Umkleidekabinen (Kabinen 5 und 6 vornehmlich f\u00fcr M\u00e4dchen\/Damen).<\/p>\n","protected":false},"author":1,"featured_media":0,"parent":9,"menu_order":0,"comment_status":"closed","ping_status":"closed","template":"","meta":{"footnotes":""},"class_list":["post-38","page","type-page","status-publish","hentry","archive-view"],"_links":{"self":[{"href":"https:\/\/www.sc-bakum.de\/index.php?rest_route=\/wp\/v2\/pages\/38","targetHints":{"allow":["GET"]}}],"collection":[{"href":"https:\/\/www.sc-bakum.de\/index.php?rest_route=\/wp\/v2\/pages"}],"about":[{"href":"https:\/\/www.sc-bakum.de\/index.php?rest_route=\/wp\/v2\/types\/page"}],"author":[{"embeddable":true,"href":"https:\/\/www.sc-bakum.de\/index.php?rest_route=\/wp\/v2\/users\/1"}],"replies":[{"embeddable":true,"href":"https:\/\/www.sc-bakum.de\/index.php?rest_route=%2Fwp%2Fv2%2Fcomments&post=38"}],"version-history":[{"count":4,"href":"https:\/\/www.sc-bakum.de\/index.php?rest_route=\/wp\/v2\/pages\/38\/revisions"}],"predecessor-version":[{"id":722,"href":"https:\/\/www.sc-bakum.de\/index.php?rest_route=\/wp\/v2\/pages\/38\/revisions\/722"}],"up":[{"embeddable":true,"href":"https:\/\/www.sc-bakum.de\/index.php?rest_route=\/wp\/v2\/pages\/9"}],"wp:attachment":[{"href":"https:\/\/www.sc-bakum.de\/index.php?rest_route=%2Fwp%2Fv2%2Fmedia&parent=38"}],"curies":[{"name":"wp","href":"https:\/\/api.w.org\/{rel}","templated":true}]}}