{"id":36,"date":"2019-10-31T17:30:07","date_gmt":"2019-10-31T16:30:07","guid":{"rendered":"http:\/\/localhost:8000\/sc-bakum.de\/?page_id=36"},"modified":"2024-07-30T20:33:30","modified_gmt":"2024-07-30T18:33:30","slug":"wir-fuer-den-scb","status":"publish","type":"page","link":"https:\/\/www.sc-bakum.de\/?page_id=36","title":{"rendered":"Wir f\u00fcr den SCB"},"content":{"rendered":"\n<div class=\"wp-block-columns is-layout-flex wp-container-core-columns-is-layout-9d6595d7 wp-block-columns-is-layout-flex\">\n<div class=\"wp-block-column is-layout-flow wp-block-column-is-layout-flow\">\n<h4 class=\"wp-block-heading\">1. Vorsitzender<\/h4>\n<\/div>\n\n\n\n<div class=\"wp-block-column is-layout-flow wp-block-column-is-layout-flow\">\n<h4 class=\"wp-block-heading\">2. Vorsitzender<\/h4>\n<\/div>\n\n\n\n<div class=\"wp-block-column is-layout-flow wp-block-column-is-layout-flow\">\n<h4 class=\"wp-block-heading\">3. Vorsitzender<\/h4>\n<\/div>\n<\/div>\n\n\n\n<div class=\"wp-block-columns is-layout-flex wp-container-core-columns-is-layout-9d6595d7 wp-block-columns-is-layout-flex\">\n<div class=\"wp-block-column is-layout-flow wp-block-column-is-layout-flow\">\n<p>Willi Hoping<br>Vechtaer Str. 4<br>49456 Bakum<br>Tel. +49 4441 84340<br>mobil +49 1714015595<br><a href=\"mailto:wilfried.hoping@sc-bakum.de\">wilfried.hoping@sc-bakum.de<\/a><\/p>\n<\/div>\n\n\n\n<div class=\"wp-block-column is-layout-flow wp-block-column-is-layout-flow\">\n<p>Ingo Duin<br>Hasenberg <br>49456 Bakum<br>mobil +49 15208973842 <br><a href=\"mailto:ingo.duin@sc-bakum.de\">ingo.duin@sc-bakum.de<\/a><\/p>\n<\/div>\n\n\n\n<div class=\"wp-block-column is-layout-flow wp-block-column-is-layout-flow\">\n<p>Markus Moormann<br>Zum See 2<br>49456 Bakum<br>mobil +49 15114516694<br><a href=\"mailto:markus.moormann@sc-bakum.de\">markus.moormann@sc-bakum.de<\/a><\/p>\n<\/div>\n<\/div>\n\n\n\n<hr class=\"wp-block-separator has-css-opacity alignfull is-style-wide\"\/>\n\n\n\n<div class=\"wp-block-columns is-layout-flex wp-container-core-columns-is-layout-9d6595d7 wp-block-columns-is-layout-flex\">\n<div class=\"wp-block-column is-layout-flow wp-block-column-is-layout-flow\">\n<h4 class=\"wp-block-heading\">Gesch\u00e4ftsf\u00fchrer<\/h4>\n<\/div>\n\n\n\n<div class=\"wp-block-column is-layout-flow wp-block-column-is-layout-flow\">\n<h4 class=\"wp-block-heading\">Rechnungsf\u00fchrer<\/h4>\n<\/div>\n\n\n\n<div class=\"wp-block-column is-layout-flow wp-block-column-is-layout-flow\">\n<h4 class=\"wp-block-heading\">Schriftf\u00fchrerin<\/h4>\n<\/div>\n<\/div>\n\n\n\n<div class=\"wp-block-columns is-layout-flex wp-container-core-columns-is-layout-9d6595d7 wp-block-columns-is-layout-flex\">\n<div class=\"wp-block-column is-layout-flow wp-block-column-is-layout-flow\">\n<p>J\u00fcrgen Langeland<br>Harmer Str. 31<br>49456 Bakum<br>mobil +49 17660957330<br><a href=\"mailto:juergen.langeland@sc-bakum.de\">juergen.langeland@sc-bakum.de<\/a><\/p>\n<\/div>\n\n\n\n<div class=\"wp-block-column is-layout-flow wp-block-column-is-layout-flow\">\n<p>Armin Beerling<br>Beethovenstra\u00dfe 7<br>49456 Bakum<br>mobil +49 1604457976<br><a href=\"mailto:armin.beerling@sc-bakum.de\">armin.beerling@sc-bakum.de<\/a><br><\/p>\n<\/div>\n\n\n\n<div class=\"wp-block-column is-layout-flow wp-block-column-is-layout-flow\">\n<p>Anke Abeln<br>Beurener Str. 9<br>49456 Bakum<br>Tel. +49 4446 9883598<br>mobil +49 15153555047<br><a href=\"mailto:anke.abeln@sc-bakum.de\">anke.abeln@sc-bakum.de<\/a><br><\/p>\n<\/div>\n<\/div>\n\n\n\n<hr class=\"wp-block-separator has-css-opacity is-style-wide\"\/>\n\n\n\n<div class=\"wp-block-columns is-layout-flex wp-container-core-columns-is-layout-9d6595d7 wp-block-columns-is-layout-flex\">\n<div class=\"wp-block-column is-layout-flow wp-block-column-is-layout-flow\">\n<h4 class=\"wp-block-heading\">Fu\u00dfballobmann<\/h4>\n<\/div>\n\n\n\n<div class=\"wp-block-column is-layout-flow wp-block-column-is-layout-flow\">\n<h4 class=\"wp-block-heading\">Jugendleiterin<\/h4>\n<\/div>\n\n\n\n<div class=\"wp-block-column is-layout-flow wp-block-column-is-layout-flow\">\n<h4 class=\"wp-block-heading\">stellv. Jugendleiter<\/h4>\n<\/div>\n<\/div>\n\n\n\n<div class=\"wp-block-columns is-layout-flex wp-container-core-columns-is-layout-9d6595d7 wp-block-columns-is-layout-flex\">\n<div class=\"wp-block-column is-layout-flow wp-block-column-is-layout-flow\">\n<p>Frank Werner<br>Burgring 18<br>49456 Bakum<br>mobil +49 15208979642<br><a href=\"mailto:frank.werner@sc-bakum.de\">frank.werner@sc-bakum.de<\/a><\/p>\n<\/div>\n\n\n\n<div class=\"wp-block-column is-layout-flow wp-block-column-is-layout-flow\">\n<p>Martina Mucker<br>Lerigaustra\u00dfe 29<br>49456 Bakum<br>Tel. +49 4446 7238<br>mobil +49 1627640830<br><a href=\"mailto:martina.mucker@sc-bakum.de\">martina.mucker@sc-bakum.de<\/a><br><\/p>\n\n\n\n<p><br><\/p>\n<\/div>\n\n\n\n<div class=\"wp-block-column is-layout-flow wp-block-column-is-layout-flow\">\n<p>Simon Zwick<br>Install 23<br>49456 Bakum<br>mobil +49 15117947266<br><a href=\"mailto:simon.zwick@sc-bakum.de\">simon.zwick@sc-bakum.de<\/a><br><\/p>\n<\/div>\n<\/div>\n\n\n\n<hr class=\"wp-block-separator has-css-opacity is-style-wide\"\/>\n\n\n\n<h4 class=\"wp-block-heading\">Obmann Hallensport<\/h4>\n\n\n\n<p>Daniel Sommer<br>Mozartstra\u00dfe 10<br>49456 Bakum<br>mobil +49 15128722639<br><a href=\"mailto:daniel.sommer@sc-bakum.de\">daniel.sommer@sc-bakum.de<\/a><\/p>\n\n\n\n<p><\/p>\n","protected":false},"excerpt":{"rendered":"<p>1. Vorsitzender 2. Vorsitzender 3. Vorsitzender Willi HopingVechtaer Str. 449456 BakumTel. +49 4441 84340mobil +49 1714015595wilfried.hoping@sc-bakum.de Ingo DuinHasenberg 49456 Bakummobil +49 15208973842 ingo.duin@sc-bakum.de Markus MoormannZum See 249456 Bakummobil +49 15114516694markus.moormann@sc-bakum.de Gesch\u00e4ftsf\u00fchrer Rechnungsf\u00fchrer Schriftf\u00fchrerin J\u00fcrgen LangelandHarmer Str. 3149456 Bakummobil +49 17660957330juergen.langeland@sc-bakum.de Armin BeerlingBeethovenstra\u00dfe 749456 Bakummobil +49 1604457976armin.beerling@sc-bakum.de Anke AbelnBeurener Str. 949456 BakumTel. +49 4446 9883598mobil +49 &hellip; <a href=\"https:\/\/www.sc-bakum.de\/?page_id=36\" class=\"more-link\">weiterlesen<span class=\"screen-reader-text\"> &#8222;Wir f\u00fcr den SCB&#8220;<\/span><\/a><\/p>\n","protected":false},"author":1,"featured_media":0,"parent":9,"menu_order":0,"comment_status":"closed","ping_status":"closed","template":"","meta":{"footnotes":""},"class_list":["post-36","page","type-page","status-publish","hentry","archive-view"],"_links":{"self":[{"href":"https:\/\/www.sc-bakum.de\/index.php?rest_route=\/wp\/v2\/pages\/36","targetHints":{"allow":["GET"]}}],"collection":[{"href":"https:\/\/www.sc-bakum.de\/index.php?rest_route=\/wp\/v2\/pages"}],"about":[{"href":"https:\/\/www.sc-bakum.de\/index.php?rest_route=\/wp\/v2\/types\/page"}],"author":[{"embeddable":true,"href":"https:\/\/www.sc-bakum.de\/index.php?rest_route=\/wp\/v2\/users\/1"}],"replies":[{"embeddable":true,"href":"https:\/\/www.sc-bakum.de\/index.php?rest_route=%2Fwp%2Fv2%2Fcomments&post=36"}],"version-history":[{"count":19,"href":"https:\/\/www.sc-bakum.de\/index.php?rest_route=\/wp\/v2\/pages\/36\/revisions"}],"predecessor-version":[{"id":2388,"href":"https:\/\/www.sc-bakum.de\/index.php?rest_route=\/wp\/v2\/pages\/36\/revisions\/2388"}],"up":[{"embeddable":true,"href":"https:\/\/www.sc-bakum.de\/index.php?rest_route=\/wp\/v2\/pages\/9"}],"wp:attachment":[{"href":"https:\/\/www.sc-bakum.de\/index.php?rest_route=%2Fwp%2Fv2%2Fmedia&parent=36"}],"curies":[{"name":"wp","href":"https:\/\/api.w.org\/{rel}","templated":true}]}}