{"id":2075,"date":"2023-09-18T11:13:06","date_gmt":"2023-09-18T09:13:06","guid":{"rendered":"https:\/\/www.sc-bakum.de\/?page_id=2075"},"modified":"2025-08-19T17:41:27","modified_gmt":"2025-08-19T15:41:27","slug":"b-junioren-ii","status":"publish","type":"page","link":"https:\/\/www.sc-bakum.de\/?page_id=2075","title":{"rendered":"B-Junioren II"},"content":{"rendered":"\n<h2 class=\"wp-block-heading\">Trainer \/ Betreuer<\/h2>\n\n\n\n<p>Dustin Hellmann<br>mobil +49 17683246539<br><a href=\"mailto:dustinhellmann09@gmail.com\">dustinhellmann09@gmail.com<\/a><\/p>\n\n\n\n<p>Matthias B\u00fcnger<br><a href=\"mailto:matce.buenger@gmail.com\">matce.buenger@gmail.com<\/a><\/p>\n\n\n\n<h2 class=\"wp-block-heading\">Trainingszeiten<\/h2>\n\n\n\n<p>Dienstags 17.30 Uhr \u2013 19.00 Uhr<br>Donnerstags 17.30 Uhr \u2013 19.00 Uhr<br>in L\u00fcsche<\/p>\n\n\n\n<h2 class=\"wp-block-heading\">Tabelle &amp; Spielplan<\/h2>\n\n\n\n<p>Informationen \u00fcber aktuelle Ergebnisse und Tabellenst\u00e4nde finden Sie <a href=\"https:\/\/www.fussball.de\/mannschaft\/jsg-bacalue-ii-sc-sw-bakum-niedersachsen\/-\/saison\/2526\/team-id\/02M8PEKNHO000000VS5489B2VUHJA7LU#!\/\">hier.<\/a><\/p>\n\n\n\n<p><\/p>\n","protected":false},"excerpt":{"rendered":"<p>Trainer \/ Betreuer Dustin Hellmannmobil +49 17683246539dustinhellmann09@gmail.com Matthias B\u00fcngermatce.buenger@gmail.com Trainingszeiten Dienstags 17.30 Uhr \u2013 19.00 UhrDonnerstags 17.30 Uhr \u2013 19.00 Uhrin L\u00fcsche Tabelle &amp; Spielplan Informationen \u00fcber aktuelle Ergebnisse und Tabellenst\u00e4nde finden Sie hier.<\/p>\n","protected":false},"author":4,"featured_media":0,"parent":52,"menu_order":0,"comment_status":"closed","ping_status":"closed","template":"","meta":{"footnotes":""},"class_list":["post-2075","page","type-page","status-publish","hentry","archive-view"],"_links":{"self":[{"href":"https:\/\/www.sc-bakum.de\/index.php?rest_route=\/wp\/v2\/pages\/2075","targetHints":{"allow":["GET"]}}],"collection":[{"href":"https:\/\/www.sc-bakum.de\/index.php?rest_route=\/wp\/v2\/pages"}],"about":[{"href":"https:\/\/www.sc-bakum.de\/index.php?rest_route=\/wp\/v2\/types\/page"}],"author":[{"embeddable":true,"href":"https:\/\/www.sc-bakum.de\/index.php?rest_route=\/wp\/v2\/users\/4"}],"replies":[{"embeddable":true,"href":"https:\/\/www.sc-bakum.de\/index.php?rest_route=%2Fwp%2Fv2%2Fcomments&post=2075"}],"version-history":[{"count":6,"href":"https:\/\/www.sc-bakum.de\/index.php?rest_route=\/wp\/v2\/pages\/2075\/revisions"}],"predecessor-version":[{"id":2658,"href":"https:\/\/www.sc-bakum.de\/index.php?rest_route=\/wp\/v2\/pages\/2075\/revisions\/2658"}],"up":[{"embeddable":true,"href":"https:\/\/www.sc-bakum.de\/index.php?rest_route=\/wp\/v2\/pages\/52"}],"wp:attachment":[{"href":"https:\/\/www.sc-bakum.de\/index.php?rest_route=%2Fwp%2Fv2%2Fmedia&parent=2075"}],"curies":[{"name":"wp","href":"https:\/\/api.w.org\/{rel}","templated":true}]}}