{"id":194,"date":"2020-04-24T23:27:58","date_gmt":"2020-04-24T21:27:58","guid":{"rendered":"http:\/\/localhost:8000\/sc-bakum.de\/?page_id=194"},"modified":"2020-05-28T22:11:06","modified_gmt":"2020-05-28T20:11:06","slug":"kontakt","status":"publish","type":"page","link":"https:\/\/www.sc-bakum.de\/?page_id=194","title":{"rendered":"Kontakt"},"content":{"rendered":"\n<p>Die Mitglieder des Vorstandes stehen f\u00fcr Fragen rund um den SC Bakum gerne zur Verf\u00fcgung.<\/p>\n\n\n\n<p>Rufen Sie uns an oder schicken Sie eine E-Mail<\/p>\n\n\n\n<p><strong>SC Schwarz-Wei\u00df Bakum e. V.<br>Vorsitzender: Wilfried Hoping<br>Vechtaer Str. 4<br>49456 Bakum<br>Tel. +49 4441 84340<br>mobil +49 171 4015595<br>scbakum@gmail.com<\/strong><\/p>\n","protected":false},"excerpt":{"rendered":"<p>Die Mitglieder des Vorstandes stehen f\u00fcr Fragen rund um den SC Bakum gerne zur Verf\u00fcgung. Rufen Sie uns an oder schicken Sie eine E-Mail SC Schwarz-Wei\u00df Bakum e. V.Vorsitzender: Wilfried HopingVechtaer Str. 449456 BakumTel. +49 4441 84340mobil +49 171 4015595scbakum@gmail.com<\/p>\n","protected":false},"author":1,"featured_media":0,"parent":0,"menu_order":0,"comment_status":"closed","ping_status":"closed","template":"","meta":{"footnotes":""},"class_list":["post-194","page","type-page","status-publish","hentry","archive-view"],"_links":{"self":[{"href":"https:\/\/www.sc-bakum.de\/index.php?rest_route=\/wp\/v2\/pages\/194","targetHints":{"allow":["GET"]}}],"collection":[{"href":"https:\/\/www.sc-bakum.de\/index.php?rest_route=\/wp\/v2\/pages"}],"about":[{"href":"https:\/\/www.sc-bakum.de\/index.php?rest_route=\/wp\/v2\/types\/page"}],"author":[{"embeddable":true,"href":"https:\/\/www.sc-bakum.de\/index.php?rest_route=\/wp\/v2\/users\/1"}],"replies":[{"embeddable":true,"href":"https:\/\/www.sc-bakum.de\/index.php?rest_route=%2Fwp%2Fv2%2Fcomments&post=194"}],"version-history":[{"count":1,"href":"https:\/\/www.sc-bakum.de\/index.php?rest_route=\/wp\/v2\/pages\/194\/revisions"}],"predecessor-version":[{"id":434,"href":"https:\/\/www.sc-bakum.de\/index.php?rest_route=\/wp\/v2\/pages\/194\/revisions\/434"}],"wp:attachment":[{"href":"https:\/\/www.sc-bakum.de\/index.php?rest_route=%2Fwp%2Fv2%2Fmedia&parent=194"}],"curies":[{"name":"wp","href":"https:\/\/api.w.org\/{rel}","templated":true}]}}