{"id":188,"date":"2020-04-24T23:19:19","date_gmt":"2020-04-24T21:19:19","guid":{"rendered":"http:\/\/localhost:8000\/sc-bakum.de\/?page_id=188"},"modified":"2020-12-08T20:28:49","modified_gmt":"2020-12-08T19:28:49","slug":"anfahrt","status":"publish","type":"page","link":"https:\/\/www.sc-bakum.de\/?page_id=188","title":{"rendered":"Anfahrt"},"content":{"rendered":"\n<h2 class=\"wp-block-heading\">Sportplatz Bakum<\/h2>\n\n\n\n<p>Sportplatz Bakum<br>Am Sportplatz 6 (an der Harmer Str.)<br>49456 Bakum<br>Tel. 04446 &#8211; 959162<br><br>Der Sportplatz ist einfach zu finden: Er liegt direkt an der Harmer Stra\u00dfe. Sie f\u00fchrt vom Ortskern aus gesehen in Richtung Harme zur Autobahnauffahrt Bakum\/Vechta (Autobahn A 1, Hansalinie).<br><br>Parkpl\u00e4tze befinden sich direkt an der Stra\u00dfe vor dem Hauptplatz (neben Sportcaf\u00e9 Beckmann, Harmer Stra\u00dfe) sowie am Vereinsheim (Stra\u00dfe \u201cAm Sportplatz\u201d, links vom Hauptplatz).<\/p>\n\n\n\n<p><br>Die Sportanlage besteht aus:<br><br>&#8211; Platz A (zur Harmer Str., vor dem Vereinsheim)<br>&#8211; Platz B (mit Flutlicht, rechts vom Vereinsheim)<br>&#8211; Platz C (Trainingsplatz, mit Flutlicht, links hinter dem &#8222;Bolzplatz&#8220;).<br>&#8211; &#8222;Bolzplatz&#8220; (hinter dem Vereinsheim)<br><br>Das Vereinsheim bietet neben Gemeinschafts-, Turn- und Tagungsr\u00e4umen sechs Umkleidekabinen (Kabinen 5 und 6 vornehmlich f\u00fcr M\u00e4dchen\/Damen).<br><\/p>\n\n\n\n<h2 class=\"wp-block-heading\">Sporthalle Bakum<\/h2>\n\n\n\n<p>Sporthalle Bakum<br>Schulstra\u00dfe 3<br>49456 Bakum<br>Tel. 04446 &#8211; 89-44<br><br>Die Sporthalle liegt in direkter Nachbarschaft zum Hallenbad, zur St. Johannes Schule und zum Rathaus an der Schulstra\u00dfe.<br><br>Parkm\u00f6glichkeiten befinden sich direkt vor der Sporthalle sowie auf dem Rathausparkplatz.<\/p>\n","protected":false},"excerpt":{"rendered":"<p>Sportplatz Bakum Sportplatz BakumAm Sportplatz 6 (an der Harmer Str.)49456 BakumTel. 04446 &#8211; 959162 Der Sportplatz ist einfach zu finden: Er liegt direkt an der Harmer Stra\u00dfe. Sie f\u00fchrt vom Ortskern aus gesehen in Richtung Harme zur Autobahnauffahrt Bakum\/Vechta (Autobahn A 1, Hansalinie). Parkpl\u00e4tze befinden sich direkt an der Stra\u00dfe vor dem Hauptplatz (neben Sportcaf\u00e9 &hellip; <a href=\"https:\/\/www.sc-bakum.de\/?page_id=188\" class=\"more-link\">weiterlesen<span class=\"screen-reader-text\"> &#8222;Anfahrt&#8220;<\/span><\/a><\/p>\n","protected":false},"author":1,"featured_media":0,"parent":0,"menu_order":0,"comment_status":"closed","ping_status":"closed","template":"","meta":{"footnotes":""},"class_list":["post-188","page","type-page","status-publish","hentry","archive-view"],"_links":{"self":[{"href":"https:\/\/www.sc-bakum.de\/index.php?rest_route=\/wp\/v2\/pages\/188","targetHints":{"allow":["GET"]}}],"collection":[{"href":"https:\/\/www.sc-bakum.de\/index.php?rest_route=\/wp\/v2\/pages"}],"about":[{"href":"https:\/\/www.sc-bakum.de\/index.php?rest_route=\/wp\/v2\/types\/page"}],"author":[{"embeddable":true,"href":"https:\/\/www.sc-bakum.de\/index.php?rest_route=\/wp\/v2\/users\/1"}],"replies":[{"embeddable":true,"href":"https:\/\/www.sc-bakum.de\/index.php?rest_route=%2Fwp%2Fv2%2Fcomments&post=188"}],"version-history":[{"count":5,"href":"https:\/\/www.sc-bakum.de\/index.php?rest_route=\/wp\/v2\/pages\/188\/revisions"}],"predecessor-version":[{"id":397,"href":"https:\/\/www.sc-bakum.de\/index.php?rest_route=\/wp\/v2\/pages\/188\/revisions\/397"}],"wp:attachment":[{"href":"https:\/\/www.sc-bakum.de\/index.php?rest_route=%2Fwp%2Fv2%2Fmedia&parent=188"}],"curies":[{"name":"wp","href":"https:\/\/api.w.org\/{rel}","templated":true}]}}