{"id":16,"date":"2019-10-31T16:37:56","date_gmt":"2019-10-31T15:37:56","guid":{"rendered":"http:\/\/localhost:8000\/sc-bakum.de\/?page_id=16"},"modified":"2026-02-15T16:48:16","modified_gmt":"2026-02-15T15:48:16","slug":"infos","status":"publish","type":"page","link":"https:\/\/www.sc-bakum.de\/","title":{"rendered":"Aktuell"},"content":{"rendered":"\n<div class=\"wp-block-columns is-layout-flex wp-container-core-columns-is-layout-9d6595d7 wp-block-columns-is-layout-flex\">\n<div class=\"wp-block-column is-layout-flow wp-block-column-is-layout-flow\">\n<figure class=\"wp-block-image size-large\"><a href=\"https:\/\/www.sc-bakum.de\/?page_id=2907\"><img loading=\"lazy\" decoding=\"async\" width=\"730\" height=\"1024\" src=\"https:\/\/www.sc-bakum.de\/wp-content\/uploads\/2026\/02\/Flyer-Turnen-Vers.-1_A5-154-x-216-mm-2-730x1024.jpg\" alt=\"\" class=\"wp-image-2911\" srcset=\"https:\/\/www.sc-bakum.de\/wp-content\/uploads\/2026\/02\/Flyer-Turnen-Vers.-1_A5-154-x-216-mm-2-730x1024.jpg 730w, https:\/\/www.sc-bakum.de\/wp-content\/uploads\/2026\/02\/Flyer-Turnen-Vers.-1_A5-154-x-216-mm-2-214x300.jpg 214w, https:\/\/www.sc-bakum.de\/wp-content\/uploads\/2026\/02\/Flyer-Turnen-Vers.-1_A5-154-x-216-mm-2-768x1077.jpg 768w, https:\/\/www.sc-bakum.de\/wp-content\/uploads\/2026\/02\/Flyer-Turnen-Vers.-1_A5-154-x-216-mm-2-1095x1536.jpg 1095w, https:\/\/www.sc-bakum.de\/wp-content\/uploads\/2026\/02\/Flyer-Turnen-Vers.-1_A5-154-x-216-mm-2-1152x1616.jpg 1152w, https:\/\/www.sc-bakum.de\/wp-content\/uploads\/2026\/02\/Flyer-Turnen-Vers.-1_A5-154-x-216-mm-2-640x898.jpg 640w, https:\/\/www.sc-bakum.de\/wp-content\/uploads\/2026\/02\/Flyer-Turnen-Vers.-1_A5-154-x-216-mm-2.jpg 1426w\" sizes=\"auto, (max-width: 768px) calc(100vw - 32px), 730px\" \/><\/a><\/figure>\n<\/div>\n\n\n\n<div class=\"wp-block-column is-layout-flow wp-block-column-is-layout-flow\">\n<figure class=\"wp-block-image size-large\"><a href=\"https:\/\/www.sc-bakum.de\/?page_id=150\"><img loading=\"lazy\" decoding=\"async\" width=\"725\" height=\"1024\" src=\"https:\/\/www.sc-bakum.de\/wp-content\/uploads\/2025\/09\/Einladung-zum-Fussball-Training-725x1024.jpg\" alt=\"\" class=\"wp-image-2776\" srcset=\"https:\/\/www.sc-bakum.de\/wp-content\/uploads\/2025\/09\/Einladung-zum-Fussball-Training-725x1024.jpg 725w, https:\/\/www.sc-bakum.de\/wp-content\/uploads\/2025\/09\/Einladung-zum-Fussball-Training-212x300.jpg 212w, https:\/\/www.sc-bakum.de\/wp-content\/uploads\/2025\/09\/Einladung-zum-Fussball-Training-768x1085.jpg 768w, https:\/\/www.sc-bakum.de\/wp-content\/uploads\/2025\/09\/Einladung-zum-Fussball-Training-1087x1536.jpg 1087w, https:\/\/www.sc-bakum.de\/wp-content\/uploads\/2025\/09\/Einladung-zum-Fussball-Training-1152x1627.jpg 1152w, https:\/\/www.sc-bakum.de\/wp-content\/uploads\/2025\/09\/Einladung-zum-Fussball-Training-640x904.jpg 640w, https:\/\/www.sc-bakum.de\/wp-content\/uploads\/2025\/09\/Einladung-zum-Fussball-Training.jpg 1192w\" sizes=\"auto, (max-width: 768px) calc(100vw - 32px), 725px\" \/><\/a><\/figure>\n<\/div>\n\n\n\n<div class=\"wp-block-column is-layout-flow wp-block-column-is-layout-flow\">\n<figure class=\"wp-block-image size-large\"><a href=\"https:\/\/www.sc-bakum.de\/wp-admin\/post.php?post=1143&amp;action=edit\"><img loading=\"lazy\" decoding=\"async\" width=\"738\" height=\"1024\" src=\"https:\/\/www.sc-bakum.de\/wp-content\/uploads\/2025\/12\/Spinning-Flyer-2025-12-02-111-x-154-mm-738x1024.jpg\" alt=\"\" class=\"wp-image-2867\" srcset=\"https:\/\/www.sc-bakum.de\/wp-content\/uploads\/2025\/12\/Spinning-Flyer-2025-12-02-111-x-154-mm-738x1024.jpg 738w, https:\/\/www.sc-bakum.de\/wp-content\/uploads\/2025\/12\/Spinning-Flyer-2025-12-02-111-x-154-mm-216x300.jpg 216w, https:\/\/www.sc-bakum.de\/wp-content\/uploads\/2025\/12\/Spinning-Flyer-2025-12-02-111-x-154-mm-768x1066.jpg 768w, https:\/\/www.sc-bakum.de\/wp-content\/uploads\/2025\/12\/Spinning-Flyer-2025-12-02-111-x-154-mm-1107x1536.jpg 1107w, https:\/\/www.sc-bakum.de\/wp-content\/uploads\/2025\/12\/Spinning-Flyer-2025-12-02-111-x-154-mm-1152x1598.jpg 1152w, https:\/\/www.sc-bakum.de\/wp-content\/uploads\/2025\/12\/Spinning-Flyer-2025-12-02-111-x-154-mm-640x888.jpg 640w, https:\/\/www.sc-bakum.de\/wp-content\/uploads\/2025\/12\/Spinning-Flyer-2025-12-02-111-x-154-mm.jpg 1311w\" sizes=\"auto, (max-width: 768px) calc(100vw - 32px), 738px\" \/><\/a><\/figure>\n<\/div>\n<\/div>\n\n\n\n<div class=\"wp-block-group\"><div class=\"wp-block-group__inner-container is-layout-flow wp-block-group-is-layout-flow\">\n<div class=\"wp-block-columns is-layout-flex wp-container-core-columns-is-layout-9d6595d7 wp-block-columns-is-layout-flex\">\n<div class=\"wp-block-column is-layout-flow wp-block-column-is-layout-flow\" style=\"flex-basis:100%\">\n<div class=\"wp-block-group\"><div class=\"wp-block-group__inner-container is-layout-flow wp-block-group-is-layout-flow\">\n<div class=\"wp-block-columns are-vertically-aligned-top is-layout-flex wp-container-core-columns-is-layout-9d6595d7 wp-block-columns-is-layout-flex\">\n<div class=\"wp-block-column is-vertically-aligned-top is-layout-flow wp-block-column-is-layout-flow\" style=\"flex-basis:100%\"><ul class=\"wp-block-latest-posts__list has-dates wp-block-latest-posts\"><li><a class=\"wp-block-latest-posts__post-title\" href=\"https:\/\/www.sc-bakum.de\/?p=2943\">Volleyballdamen steigen in die Verbandsliga auf<\/a><time datetime=\"2026-03-23T21:09:22+01:00\" class=\"wp-block-latest-posts__post-date\">23. M\u00e4rz 2026<\/time><div class=\"wp-block-latest-posts__post-excerpt\">Am vergangenen Samstag hatte unsere 1. Volleyball-Damenmannschaft allen Grund zu feiern. Was keiner vor Saisonbeginn f\u00fcr m\u00f6glich gehalten hatte, wurde Wirklichkeit. Die Mannschaft sicherte sich einen Spieltag vor Schluss die Meisterschaft in der Landesliga und wird in der n\u00e4chsten Saison &hellip; <a href=\"https:\/\/www.sc-bakum.de\/?p=2943\" class=\"more-link\">weiterlesen<span class=\"screen-reader-text\"> &#8222;Volleyballdamen steigen in die Verbandsliga auf&#8220;<\/span><\/a><\/div><\/li>\n<li><a class=\"wp-block-latest-posts__post-title\" href=\"https:\/\/www.sc-bakum.de\/?p=2938\">Goldene Ehrennadeln f\u00fcr Elisabeth Hoping und Marianne Olberding<\/a><time datetime=\"2026-03-20T18:09:31+01:00\" class=\"wp-block-latest-posts__post-date\">20. M\u00e4rz 2026<\/time><div class=\"wp-block-latest-posts__post-excerpt\">Am vergangenen Dienstag gab es beim ersten Ehrenamtstag des Kreissportbundes Vechta einen wahren &#8222;Goldrausch&#8220;. Gleich 20 Sportlerinnen und Sportler aus dem Kreis Vechta, die sich \u00fcber Jahrzehnte in ihren Sportvereinen ehrenamtlich engagiert haben, erhielten bei der Premiere dieses Formats die &hellip; <a href=\"https:\/\/www.sc-bakum.de\/?p=2938\" class=\"more-link\">weiterlesen<span class=\"screen-reader-text\"> &#8222;Goldene Ehrennadeln f\u00fcr Elisabeth Hoping und Marianne Olberding&#8220;<\/span><\/a><\/div><\/li>\n<li><a class=\"wp-block-latest-posts__post-title\" href=\"https:\/\/www.sc-bakum.de\/?p=2925\">Elisabeth Hoping verabschiedet sich nach 22 Jahren beim Kinderturnen<\/a><time datetime=\"2026-02-26T08:45:45+01:00\" class=\"wp-block-latest-posts__post-date\">26. Februar 2026<\/time><div class=\"wp-block-latest-posts__post-excerpt\">Am vergangenen Mittwoch hatte der Vorstand des Sportverein Bakum allen Grund einmal \u201eDanke\u201c zu sagen. Elisabeth Hoping, langj\u00e4hrige \u00dcbungsleiterin des Kinderturnens am Mittwoch, gibt nach 22 Jahren die Leitung der Kindernturngruppe in j\u00fcngere H\u00e4nde weiter. Steffi Reuner \u00fcbernimmt ab sofort &hellip; <a href=\"https:\/\/www.sc-bakum.de\/?p=2925\" class=\"more-link\">weiterlesen<span class=\"screen-reader-text\"> &#8222;Elisabeth Hoping verabschiedet sich nach 22 Jahren beim Kinderturnen&#8220;<\/span><\/a><\/div><\/li>\n<li><a class=\"wp-block-latest-posts__post-title\" href=\"https:\/\/www.sc-bakum.de\/?p=2895\">Gewinnnummern SgH-Tombola 2026<\/a><time datetime=\"2026-02-02T18:31:12+01:00\" class=\"wp-block-latest-posts__post-date\">2. Februar 2026<\/time><div class=\"wp-block-latest-posts__post-excerpt\">Die Gewinnnummern der Sgh-Tombola 2026 k\u00f6nnen hier nachgelesen werden. Zu den Gewinnzahlen der SgH-Tombola 2026 Die Gewinne k\u00f6nnen von Dienstag 03.02. bis sp\u00e4testens Freitag 06.02. jeweils zwischen 16.00 und 19.00 Uhr im Sportlerheim am Sportplatz abgeholt werden.<\/div><\/li>\n<li><a class=\"wp-block-latest-posts__post-title\" href=\"https:\/\/www.sc-bakum.de\/?p=2865\">Ausgabe der Vereinskollektion<\/a><time datetime=\"2025-11-24T22:02:19+01:00\" class=\"wp-block-latest-posts__post-date\">24. November 2025<\/time><div class=\"wp-block-latest-posts__post-excerpt\"><\/div><\/li>\n<\/ul>\n\n\n<p><\/p>\n<\/div>\n<\/div>\n<\/div><\/div>\n<\/div>\n\n\n\n<div class=\"wp-block-column is-layout-flow wp-block-column-is-layout-flow\"><\/div>\n<\/div>\n<\/div><\/div>\n\n\n\n<p><\/p>\n\n\n\n<hr class=\"wp-block-separator has-css-opacity aligncenter is-style-wide\"\/>\n\n\n<div id=\"fubade-67-3HOC2\" class=\"include-fussball-de-widgets\">\n\t<iframe src='\/\/www.fussball.de\/widget2\/-\/schluessel\/02AM5C4CT8000000VUM1DNOOVUF3HOC2\/target\/fubade-67-3HOC2\/caller\/www.sc-bakum.de' width='100%' height='100%' scrolling='no' style='border: 1px solid #CECECE; overflow: hidden; min-height: 200px;'><\/iframe>\n<\/div>\n\n\n\n<p><\/p>\n\n\n\n<p><\/p>\n\n\n\n<p><\/p>\n\n\n\n<p><\/p>\n","protected":false},"excerpt":{"rendered":"","protected":false},"author":1,"featured_media":0,"parent":0,"menu_order":0,"comment_status":"closed","ping_status":"closed","template":"","meta":{"footnotes":""},"class_list":["post-16","page","type-page","status-publish","hentry","archive-view"],"_links":{"self":[{"href":"https:\/\/www.sc-bakum.de\/index.php?rest_route=\/wp\/v2\/pages\/16","targetHints":{"allow":["GET"]}}],"collection":[{"href":"https:\/\/www.sc-bakum.de\/index.php?rest_route=\/wp\/v2\/pages"}],"about":[{"href":"https:\/\/www.sc-bakum.de\/index.php?rest_route=\/wp\/v2\/types\/page"}],"author":[{"embeddable":true,"href":"https:\/\/www.sc-bakum.de\/index.php?rest_route=\/wp\/v2\/users\/1"}],"replies":[{"embeddable":true,"href":"https:\/\/www.sc-bakum.de\/index.php?rest_route=%2Fwp%2Fv2%2Fcomments&post=16"}],"version-history":[{"count":119,"href":"https:\/\/www.sc-bakum.de\/index.php?rest_route=\/wp\/v2\/pages\/16\/revisions"}],"predecessor-version":[{"id":2923,"href":"https:\/\/www.sc-bakum.de\/index.php?rest_route=\/wp\/v2\/pages\/16\/revisions\/2923"}],"wp:attachment":[{"href":"https:\/\/www.sc-bakum.de\/index.php?rest_route=%2Fwp%2Fv2%2Fmedia&parent=16"}],"curies":[{"name":"wp","href":"https:\/\/api.w.org\/{rel}","templated":true}]}}