{"id":1120,"date":"2021-08-17T12:47:25","date_gmt":"2021-08-17T10:47:25","guid":{"rendered":"https:\/\/www.sc-bakum.de\/?page_id=1120"},"modified":"2026-02-15T16:41:39","modified_gmt":"2026-02-15T15:41:39","slug":"a-junioren-ii","status":"publish","type":"page","link":"https:\/\/www.sc-bakum.de\/?page_id=1120","title":{"rendered":"A-Junioren II"},"content":{"rendered":"\n<h2 class=\"wp-block-heading\">Trainer \/ Betreuer<\/h2>\n\n\n\n<p>Ludger Hilgefort<br>Tel. +49 4446 968769<br>mobil +49 15151101052<br><a href=\"mailto:ludgerhilgefort@t-online.de\">ludgerhilgefort@t-online.de<\/a><\/p>\n\n\n\n<h2 class=\"wp-block-heading\">Trainingszeiten<\/h2>\n\n\n\n<p>Mittwochs 19.00 Uhr &#8211; 20.30 Uhr<br>in L\u00fcsche<\/p>\n\n\n\n<h2 class=\"wp-block-heading\">Tabelle &amp; Spielplan<\/h2>\n\n\n\n<p>Informationen \u00fcber aktuelle Ergebnisse und Tabellenst\u00e4nde finden Sie<a href=\"https:\/\/www.fussball.de\/mannschaft\/jsg-bakum-carum-luesche-ii-sc-sw-bakum-niedersachsen\/-\/saison\/2526\/team-id\/02PPHO840C000000VS5489B1VU7RM1AE#!\/\"> hier<\/a><a href=\"https:\/\/www.fussball.de\/mannschaft\/jsg-bacalue-ii-sv-bw-luesche-niedersachsen\/-\/saison\/2223\/team-id\/02F3KGL29K000000VS5489B2VVCS6SPD#!\/\">.<\/a><\/p>\n","protected":false},"excerpt":{"rendered":"<p>Trainer \/ Betreuer Ludger HilgefortTel. +49 4446 968769mobil +49 15151101052ludgerhilgefort@t-online.de Trainingszeiten Mittwochs 19.00 Uhr &#8211; 20.30 Uhrin L\u00fcsche Tabelle &amp; Spielplan Informationen \u00fcber aktuelle Ergebnisse und Tabellenst\u00e4nde finden Sie hier.<\/p>\n","protected":false},"author":2,"featured_media":0,"parent":0,"menu_order":0,"comment_status":"closed","ping_status":"closed","template":"","meta":{"footnotes":""},"class_list":["post-1120","page","type-page","status-publish","hentry","archive-view"],"_links":{"self":[{"href":"https:\/\/www.sc-bakum.de\/index.php?rest_route=\/wp\/v2\/pages\/1120","targetHints":{"allow":["GET"]}}],"collection":[{"href":"https:\/\/www.sc-bakum.de\/index.php?rest_route=\/wp\/v2\/pages"}],"about":[{"href":"https:\/\/www.sc-bakum.de\/index.php?rest_route=\/wp\/v2\/types\/page"}],"author":[{"embeddable":true,"href":"https:\/\/www.sc-bakum.de\/index.php?rest_route=\/wp\/v2\/users\/2"}],"replies":[{"embeddable":true,"href":"https:\/\/www.sc-bakum.de\/index.php?rest_route=%2Fwp%2Fv2%2Fcomments&post=1120"}],"version-history":[{"count":14,"href":"https:\/\/www.sc-bakum.de\/index.php?rest_route=\/wp\/v2\/pages\/1120\/revisions"}],"predecessor-version":[{"id":2915,"href":"https:\/\/www.sc-bakum.de\/index.php?rest_route=\/wp\/v2\/pages\/1120\/revisions\/2915"}],"wp:attachment":[{"href":"https:\/\/www.sc-bakum.de\/index.php?rest_route=%2Fwp%2Fv2%2Fmedia&parent=1120"}],"curies":[{"name":"wp","href":"https:\/\/api.w.org\/{rel}","templated":true}]}}